{"id":10,"date":"2011-09-19T16:58:25","date_gmt":"2011-09-19T14:58:25","guid":{"rendered":"http:\/\/azionecattolicacremona.it\/portale\/?page_id=10"},"modified":"2024-07-24T15:35:20","modified_gmt":"2024-07-24T13:35:20","slug":"casa-famiglia-fondazione-s-omobono","status":"publish","type":"page","link":"https:\/\/www.azionecattolicacremona.it\/portale\/casa-famiglia-fondazione-s-omobono\/","title":{"rendered":"Casa FAMIGLIA &#8211; Fondazione S. Omobono"},"content":{"rendered":"\t\t<div data-elementor-type=\"wp-page\" data-elementor-id=\"10\" class=\"elementor elementor-10\" data-elementor-settings=\"[]\">\n\t\t\t\t\t\t\t<div class=\"elementor-section-wrap\">\n\t\t\t\t\t\t\t<section class=\"elementor-section elementor-top-section elementor-element elementor-element-62a184ed elementor-section-boxed elementor-section-height-default elementor-section-height-default\" data-id=\"62a184ed\" data-element_type=\"section\">\n\t\t\t\t\t\t<div class=\"elementor-container elementor-column-gap-default\">\n\t\t\t\t\t<div class=\"elementor-column elementor-col-100 elementor-top-column elementor-element elementor-element-1ecde913\" data-id=\"1ecde913\" data-element_type=\"column\">\n\t\t\t<div class=\"elementor-widget-wrap\">\n\t\t\t\t\t\t\t\t\t<\/div>\n\t\t<\/div>\n\t\t\t\t\t\t\t<\/div>\n\t\t<\/section>\n\t\t\t\t<section class=\"elementor-section elementor-top-section elementor-element elementor-element-9f28ebb elementor-section-boxed elementor-section-height-default elementor-section-height-default\" data-id=\"9f28ebb\" data-element_type=\"section\">\n\t\t\t\t\t\t<div class=\"elementor-container elementor-column-gap-default\">\n\t\t\t\t\t<div class=\"elementor-column elementor-col-50 elementor-top-column elementor-element elementor-element-40d31bb\" data-id=\"40d31bb\" data-element_type=\"column\">\n\t\t\t<div class=\"elementor-widget-wrap elementor-element-populated\">\n\t\t\t\t\t\t\t\t<div class=\"elementor-element elementor-element-ec04d81 elementor-widget elementor-widget-image\" data-id=\"ec04d81\" data-element_type=\"widget\" data-widget_type=\"image.default\">\n\t\t\t\t<div class=\"elementor-widget-container\">\n\t\t\t<style>\/*! elementor - v3.5.4 - 23-01-2022 *\/\n.elementor-widget-image{text-align:center}.elementor-widget-image a{display:inline-block}.elementor-widget-image a img[src$=\".svg\"]{width:48px}.elementor-widget-image img{vertical-align:middle;display:inline-block}<\/style>\t\t\t\t\t\t\t\t\t\t\t\t<img width=\"348\" height=\"213\" src=\"https:\/\/www.azionecattolicacremona.it\/portale\/wp-content\/uploads\/2011\/09\/casafamiglia.gif\" class=\"attachment-large size-large\" alt=\"\" loading=\"lazy\" \/>\t\t\t\t\t\t\t\t\t\t\t\t\t\t\t<\/div>\n\t\t\t\t<\/div>\n\t\t\t\t\t<\/div>\n\t\t<\/div>\n\t\t\t\t<div class=\"elementor-column elementor-col-50 elementor-top-column elementor-element elementor-element-9418ee9\" data-id=\"9418ee9\" data-element_type=\"column\">\n\t\t\t<div class=\"elementor-widget-wrap elementor-element-populated\">\n\t\t\t\t\t\t\t\t<div class=\"elementor-element elementor-element-b341912 elementor-widget elementor-widget-text-editor\" data-id=\"b341912\" data-element_type=\"widget\" data-widget_type=\"text-editor.default\">\n\t\t\t\t<div class=\"elementor-widget-container\">\n\t\t\t<style>\/*! elementor - v3.5.4 - 23-01-2022 *\/\n.elementor-widget-text-editor.elementor-drop-cap-view-stacked .elementor-drop-cap{background-color:#818a91;color:#fff}.elementor-widget-text-editor.elementor-drop-cap-view-framed .elementor-drop-cap{color:#818a91;border:3px solid;background-color:transparent}.elementor-widget-text-editor:not(.elementor-drop-cap-view-default) .elementor-drop-cap{margin-top:8px}.elementor-widget-text-editor:not(.elementor-drop-cap-view-default) .elementor-drop-cap-letter{width:1em;height:1em}.elementor-widget-text-editor .elementor-drop-cap{float:left;text-align:center;line-height:1;font-size:50px}.elementor-widget-text-editor .elementor-drop-cap-letter{display:inline-block}<\/style>\t\t\t\t<p>Sede: Via S. Antonio del Fuoco n. 9\/a<br>Comunit\u00e0: Via Ippocastani, 14<\/p>\n<p>26100 CREMONA<\/p>\n<p>Tel. 0372 25500 &#8211; Fax 0372 568390<br>e-mail: casafamigliasomobono@gmail.com<\/p><br>\t\t\t\t\t\t<\/div>\n\t\t\t\t<\/div>\n\t\t\t\t\t<\/div>\n\t\t<\/div>\n\t\t\t\t\t\t\t<\/div>\n\t\t<\/section>\n\t\t\t\t<section class=\"elementor-section elementor-top-section elementor-element elementor-element-893e903 elementor-section-boxed elementor-section-height-default elementor-section-height-default\" data-id=\"893e903\" data-element_type=\"section\">\n\t\t\t\t\t\t<div class=\"elementor-container elementor-column-gap-default\">\n\t\t\t\t\t<div class=\"elementor-column elementor-col-100 elementor-top-column elementor-element elementor-element-fdbfbf8\" data-id=\"fdbfbf8\" data-element_type=\"column\">\n\t\t\t<div class=\"elementor-widget-wrap elementor-element-populated\">\n\t\t\t\t\t\t\t\t<div class=\"elementor-element elementor-element-d114ca7 elementor-widget elementor-widget-spacer\" data-id=\"d114ca7\" data-element_type=\"widget\" data-widget_type=\"spacer.default\">\n\t\t\t\t<div class=\"elementor-widget-container\">\n\t\t\t\t\t<div class=\"elementor-spacer\">\n\t\t\t<div class=\"elementor-spacer-inner\"><\/div>\n\t\t<\/div>\n\t\t\t\t<\/div>\n\t\t\t\t<\/div>\n\t\t\t\t<div class=\"elementor-element elementor-element-6ba30a7 elementor-widget elementor-widget-text-editor\" data-id=\"6ba30a7\" data-element_type=\"widget\" data-widget_type=\"text-editor.default\">\n\t\t\t\t<div class=\"elementor-widget-container\">\n\t\t\t\t\t\t\t<p>La fatica di essere donna:<br \/>per una donna, difficolt\u00e0, sconforto, a volte disperazione spesso significa:<\/p><p>* essere ragazze-madri non accolte, magari minorenni, sole, prive di punti di riferimento;<br \/>* avere figli piccoli, sposate o separate, bisognose di aiuto nel compito di madre;<br \/>* essere maltrattate, sfruttate o trovarsi in particolare stato di abbandono.<\/p><p>L&#8217;Azione Cattolica di Cremona ha voluto essere vicina, con la costituzione della Fondazione Casa Famiglia S. Omobono, a tutte quelle donne che si trovano in difficolt\u00e0, farle sentire meno sole ad affrontare il loro disagio.La struttura \u00e8 dotata di personale competente e in grado di capire e di condividere, all&#8217;insegna della solidariet\u00e0, le donne in particolari situazioni, offrendo ospitalit\u00e0, protezione e assistenza.<\/p><p>&#8211; Una comunit\u00e0 accoglie ed accompagna fino a sei donne con bambini, in un progetto strutturato e con un&#8217;impostazione familiare.<\/p><p>&#8211; Cinque appartamenti semiautonomi preparano e seguono cinque donne con bambini al passaggio verso la gestione consapevole ed adulta della vita indipendente (una sorta di &#8220;postcomunit\u00e0&#8221;)<\/p><p>&#8211; Un micro-nido che accoglie 10 bambini per volta, fino a tre anni di et\u00e0, provvede a rispondere ad alcune esigenze specifiche dell&#8217;educazione e delle relazioni tra madre e figli, specialmente per le situazioni di lavoro che non trovano risposta sul territorio (in ordine ai prezzi, agli orari, ecc.).<\/p><p>&#8211; Altri progetti sono in corso di studio (&#8220;pronto intervento&#8221;, &#8220;percorsi di formazione&#8221;, ecc.).<\/p><p>L&#8217;impostazione del lavoro \u00e8 professionale e si avvale anche della collaborazione di personale volontario, per il quale si prevede un periodo di formazione. Nessuna delle attivit\u00e0 svolte vuole essere un piccolo mondo autonomo e autosufficiente, ma aperta a tutte le realt\u00e0 del territorio, con cui uno scambio sia utile e possibile.<\/p><p>\u00a0<\/p><p>E&#8217; possibile contribuire alle iniziative della Casa Famiglia S. Omobono attraverso:<\/p><p>offerte sul c\/c bancario n. 83402, presso la Banca Cremonese di Credito Cooperativo: IBAN\u00a0 IT 88 M 08454 11400 000000083402)<\/p><p>destinazione del 5 per MILLE, firmando nell&#8217;apposito riquadro della dichiarazione dei redditi e indicando il Codice Fiscale della &#8220;Fondazione Casa Famiglia S. Omobono&#8221;: 93034510193<\/p>\t\t\t\t\t\t<\/div>\n\t\t\t\t<\/div>\n\t\t\t\t\t<\/div>\n\t\t<\/div>\n\t\t\t\t\t\t\t<\/div>\n\t\t<\/section>\n\t\t\t\t\t\t<\/div>\n\t\t\t\t\t<\/div>\n\t\t","protected":false},"excerpt":{"rendered":"<p>Sede: Via S. Antonio del Fuoco n. 9\/aComunit\u00e0: Via Ippocastani, 14 26100 [&hellip;]<\/p>\n","protected":false},"author":1,"featured_media":0,"parent":0,"menu_order":0,"comment_status":"closed","ping_status":"open","template":"page-templates\/page_fullwidth.php","meta":[],"_links":{"self":[{"href":"https:\/\/www.azionecattolicacremona.it\/portale\/wp-json\/wp\/v2\/pages\/10"}],"collection":[{"href":"https:\/\/www.azionecattolicacremona.it\/portale\/wp-json\/wp\/v2\/pages"}],"about":[{"href":"https:\/\/www.azionecattolicacremona.it\/portale\/wp-json\/wp\/v2\/types\/page"}],"author":[{"embeddable":true,"href":"https:\/\/www.azionecattolicacremona.it\/portale\/wp-json\/wp\/v2\/users\/1"}],"replies":[{"embeddable":true,"href":"https:\/\/www.azionecattolicacremona.it\/portale\/wp-json\/wp\/v2\/comments?post=10"}],"version-history":[{"count":20,"href":"https:\/\/www.azionecattolicacremona.it\/portale\/wp-json\/wp\/v2\/pages\/10\/revisions"}],"predecessor-version":[{"id":4093,"href":"https:\/\/www.azionecattolicacremona.it\/portale\/wp-json\/wp\/v2\/pages\/10\/revisions\/4093"}],"wp:attachment":[{"href":"https:\/\/www.azionecattolicacremona.it\/portale\/wp-json\/wp\/v2\/media?parent=10"}],"curies":[{"name":"wp","href":"https:\/\/api.w.org\/{rel}","templated":true}]}}